{"id":1143,"date":"2022-02-01T17:51:07","date_gmt":"2022-02-01T16:51:07","guid":{"rendered":"https:\/\/zadorraetxea.com\/ingurua\/aizkomendi-trikuharria\/"},"modified":"2022-02-01T17:54:09","modified_gmt":"2022-02-01T16:54:09","slug":"aizkomendi-trikuharria","status":"publish","type":"page","link":"https:\/\/zadorraetxea.com\/eu\/ingurua\/aizkomendi-trikuharria\/","title":{"rendered":"Aizkomendi Trikuharria"},"content":{"rendered":"<p>[et_pb_section fb_built=&#8221;1&#8243; admin_label=&#8221;Header&#8221; _builder_version=&#8221;4.14.7&#8243; background_color=&#8221;rgba(124,218,36,0.63)&#8221; use_background_color_gradient=&#8221;on&#8221; background_color_gradient_start=&#8221;rgba(249,243,235,0.8)&#8221; background_color_gradient_end=&#8221;rgba(249,243,235,0.8)&#8221; background_color_gradient_overlays_image=&#8221;on&#8221; background_image=&#8221;https:\/\/zadorraetxea.com\/wp-content\/uploads\/2021\/11\/holistic-healer-21-1.png&#8221; background_size=&#8221;initial&#8221; background_position=&#8221;top_left&#8221; background_repeat=&#8221;repeat&#8221; z_index=&#8221;1&#8243; custom_padding=&#8221;1vw||16vw||false|false&#8221; box_shadow_style=&#8221;preset7&#8243; box_shadow_horizontal=&#8221;0px&#8221; box_shadow_vertical=&#8221;-6vw&#8221; box_shadow_color=&#8221;#ffffff&#8221; global_colors_info=&#8221;{}&#8221;][et_pb_row _builder_version=&#8221;4.4.8&#8243; positioning=&#8221;absolute&#8221; position_origin_a=&#8221;bottom_left&#8221; width=&#8221;100%&#8221; max_width=&#8221;100%&#8221; global_colors_info=&#8221;{}&#8221;][et_pb_column type=&#8221;4_4&#8243; _builder_version=&#8221;4.4.7&#8243; global_colors_info=&#8221;{}&#8221;][et_pb_image src=&#8221;https:\/\/zadorraetxea.com\/wp-content\/uploads\/2021\/11\/holistic-healer-42-1.png&#8221; title_text=&#8221;holistic-healer-42&#8243; _builder_version=&#8221;4.4.8&#8243; positioning=&#8221;relative&#8221; z_index=&#8221;1&#8243; width=&#8221;44%&#8221; width_tablet=&#8221;32%&#8221; width_phone=&#8221;&#8221; width_last_edited=&#8221;on|tablet&#8221; custom_margin=&#8221;||4%|-16%|false|false&#8221; scroll_vertical_motion_enable=&#8221;on&#8221; scroll_vertical_motion=&#8221;0|50|50|100|1|0|-1&#8243; scroll_rotating_enable=&#8221;on&#8221; scroll_rotating=&#8221;0|50|50|100|10\u00b0|0|-10\u00b0&#8221; global_colors_info=&#8221;{}&#8221;][\/et_pb_image][et_pb_image src=&#8221;https:\/\/zadorraetxea.com\/wp-content\/uploads\/2021\/11\/holistic-healer-43.png&#8221; title_text=&#8221;holistic-healer-43&#8243; admin_label=&#8221;Image&#8221; _builder_version=&#8221;4.4.8&#8243; positioning=&#8221;absolute&#8221; position_origin_a=&#8221;bottom_left&#8221; width=&#8221;28vw&#8221; custom_margin=&#8221;||0px|-8%|false|false&#8221; scroll_rotating_enable=&#8221;on&#8221; scroll_rotating=&#8221;0|50|50|100|-20\u00b0|0|20\u00b0&#8221; global_colors_info=&#8221;{}&#8221;][\/et_pb_image][et_pb_image src=&#8221;https:\/\/zadorraetxea.com\/wp-content\/uploads\/2021\/11\/holistic-healer-45.png&#8221; title_text=&#8221;holistic-healer-45&#8243; align=&#8221;right&#8221; _builder_version=&#8221;4.4.8&#8243; positioning=&#8221;absolute&#8221; position_origin_a=&#8221;bottom_right&#8221; width=&#8221;20vw&#8221; custom_margin=&#8221;|-5%|10%||false|false&#8221; scroll_vertical_motion_enable=&#8221;on&#8221; scroll_vertical_motion=&#8221;0|50|50|100|1|0|-1&#8243; scroll_rotating_enable=&#8221;on&#8221; scroll_rotating=&#8221;0|50|50|100|-20\u00b0|0|20\u00b0&#8221; global_colors_info=&#8221;{}&#8221;][\/et_pb_image][et_pb_image src=&#8221;https:\/\/zadorraetxea.com\/wp-content\/uploads\/2021\/11\/holistic-healer-44-1.png&#8221; title_text=&#8221;holistic-healer-44&#8243; align=&#8221;right&#8221; admin_label=&#8221;Image&#8221; _builder_version=&#8221;4.4.8&#8243; positioning=&#8221;absolute&#8221; position_origin_a=&#8221;bottom_right&#8221; width=&#8221;32%&#8221; width_tablet=&#8221;24%&#8221; width_phone=&#8221;&#8221; width_last_edited=&#8221;on|phone&#8221; custom_margin=&#8221;|-8%|2%||false|false&#8221; scroll_vertical_motion=&#8221;0|50|50|100|1|0|-1&#8243; scroll_rotating_enable=&#8221;on&#8221; scroll_rotating=&#8221;0|50|50|100|10\u00b0|0|-10\u00b0&#8221; global_colors_info=&#8221;{}&#8221;][\/et_pb_image][\/et_pb_column][\/et_pb_row][et_pb_row column_structure=&#8221;2_5,3_5&#8243; _builder_version=&#8221;4.14.7&#8243; _module_preset=&#8221;default&#8221; global_colors_info=&#8221;{}&#8221;][et_pb_column type=&#8221;2_5&#8243; _builder_version=&#8221;4.13.1&#8243; _module_preset=&#8221;default&#8221; global_colors_info=&#8221;{}&#8221;][dsm_menu menu_id=&#8221;55&#8243; menu_left_space=&#8221;10px&#8221; _builder_version=&#8221;4.14.7&#8243; _module_preset=&#8221;default&#8221; background_color=&#8221;rgba(224,153,0,0.3)&#8221; border_radii=&#8221;on|10px|10px|10px|10px&#8221; border_width_all=&#8221;1px&#8221; box_shadow_style=&#8221;preset1&#8243; global_colors_info=&#8221;{}&#8221;][\/dsm_menu][\/et_pb_column][et_pb_column type=&#8221;3_5&#8243; _builder_version=&#8221;4.14.7&#8243; _module_preset=&#8221;default&#8221; background_color=&#8221;#FFFFFF&#8221; custom_padding=&#8221;10px|10px|10px|10px|false|false&#8221; border_radii=&#8221;on|5px|5px|5px|5px&#8221; border_width_all=&#8221;1px&#8221; global_colors_info=&#8221;{}&#8221;][et_pb_code _builder_version=&#8221;4.14.7&#8243; _module_preset=&#8221;default&#8221; global_colors_info=&#8221;{}&#8221;]<iframe loading=\"lazy\" style=\"border: 1px solid black;\" src=\"https:\/\/www.openstreetmap.org\/export\/embed.html?bbox=-2.353434562683106%2C42.853221864766454%2C-2.3173856735229497%2C42.87319647701188&#038;layer=mapnik&#038;marker=42.86320997872077%2C-2.3354101181030273\" width=\"600\" height=\"350\" frameborder=\"0\" marginwidth=\"0\" marginheight=\"0\" scrolling=\"no\"><\/iframe><!-- [et_pb_line_break_holder] --><small><a href=\"https:\/\/www.openstreetmap.org\/?mlat=42.8632&#038;mlon=-2.3354#map=15\/42.8632\/-2.3354\" rel=\"nofollow noopener\" target=\"_blank\">Ikusi mapa handiago<\/a><\/small>[\/et_pb_code][et_pb_text _builder_version=&#8221;4.14.7&#8243; _module_preset=&#8221;default&#8221; text_font=&#8221;Verdana||||||||&#8221; background_color=&#8221;#FFFFFF&#8221; hover_enabled=&#8221;0&#8243; global_colors_info=&#8221;{}&#8221; sticky_enabled=&#8221;0&#8243;]<\/p>\n<h2>AITZKOMENDI Trikuharria<\/h2>\n<p>Udalerria <strong>EGILAZ<\/strong> (Donemiliaga) ARABA.<\/p>\n<p>N-1 errepide zaharraren ondoan kokatuta. | Zadorra etxetik 8 kilometrora.<\/p>\n<h3>Nola iritsi Aguraindik<\/h3>\n<p>Hartu A-2128 errepidea, Opakuako porturantz. N-1 autobidea gurutzatu eta gero, hartu ezkerretara A-3138, autobide ondoan dagoen errepidea.<\/p>\n<p>5 km-tara, ezke- rretara badago bidegurutze bat Egirazerantz. Herrira iristean seinaleak jarraitu eta hartu N-1 errepide zaharra, herriko mendebalderantz.<\/p>\n<p>Herriaren bukaeran aparkalekua dago.<\/p>\n<p>Agurainera itzultzeko, jarraitu errepide beretik eta berehala autobidean sartuko zara.<\/p>\n<h3>Historia laburra<\/h3>\n<p>1878ko urtean, Ricardo Becerro de Bengoak trikuharrian azterketa bat egin zuen<br \/>eta honako hau aipatu zuen: \u201c trepamos a la peque\u00f1a alturita: all\u00ed en el fondo, en la concavidad de la artificial acumulaci\u00f3n de tierras est\u00e1 el grandioso dolmen de Eguilaz; el magnifico sepulcro de los guerreros Celtas. Mide el mont\u00edculo 280 pasos de per\u00edmetro en su base.<\/p>\n<p>El monumento se compone de 6 megal\u00edticas piedras calizas, y una arenisca, (la que mira al norte), puestas en pie, de cerca de 70 cent\u00edmetros de espesor por 3 metros de altura, coronadas por otra colosal del mismo grueso y de m\u00e1s de 4 metros de longitud por 3 de anchura.<\/p>\n<p>Descubierto en 1832, por un labrador que araba con sus bueyes en aquel t\u00e9rmino, fue explorado es su interior, donde se hallaron multitud de esqueletos, cuyos cr\u00e1neos bien conservados a\u00fan, ten\u00edan muelas perfectas y de un color natural en sus mand\u00edbulas.<\/p>\n<p>Hall\u00e1ronse tambi\u00e9n varias puntas de lanza o o flecha de cobre, algunos de cuyos restos se enviaron a la Academia de San Fernando, con una memoria que escribi\u00f3 el entonces alcalde de Salvatierra, Don Pedro Andr\u00e9s de Zabala, (Enero de 1833). Dice este se\u00f1or en ella, entre otras cosas curiosas, que los esqueletos eran de hombres y muchachos, ninguno de mujer; y que adem\u00e1s del dolmen se descubri\u00f3 un camino cubierto, que iba a dar a \u00e9l desde el borde inferior del mont\u00edculo, formado por grandes piedras y de poco m\u00e1s de 1 metro de altura, y otro tanto de anchura; y que en la tierra de alrededor hab\u00eda muchas cenizas y vestigios de fuego&#8230;\u201d.<\/p>\n<p>Aizkomendiko trikuharrian lurperatutako azken pertsona, Gasteiztik 1813an ihes egiten zuen Napoleonen soldadua izan zen. Bere kasakako botoi inperialak agertu ziren neolitikoko ehorzte-tumulu honetan lurpetik ateratako 300 gorputz baino gehiagoren artean.<\/p>\n<p>Eta gainera, Euskadin aurkitutako lehena eta handiena izan zen.<\/p>\n<p>Teknikarik sinpleenarekin eraiki eta 5.000 urte geroago, hilerri katolikorako ordezko hobi bezala erabiltzen jarraitu zuten.<\/p>\n<p>[\/et_pb_text][\/et_pb_column][\/et_pb_row][\/et_pb_section]<\/p>\n","protected":false},"excerpt":{"rendered":"<p><div class=\"et_pb_with_border et_pb_module dsm_menu dsm_menu_0  et_pb_text_align_left et_pb_bg_layout_light\">\n\t\t\t\t\n\t\t\t\t\n\t\t\t\t\n\t\t\t\t\n\t\t\t\t\n\t\t\t\t\n\t\t\t\t<div class=\"et_pb_module_inner\">\n\t\t\t\t\t<nav class=\"dsm-menu-container\" role=navigation itemscope itemtype=http:\/\/schema.org\/SiteNavigationElement><ul id=\"menu-ingurua\" class=\"dsm-menu dsm-menu-style-type-disc dsm-menu-layout-vertical\"><li id=\"menu-item-1150\" class=\"et_pb_menu_page_id-1143 menu-item menu-item-type-post_type menu-item-object-page menu-item-1150\"><a href=\"https:\/\/zadorraetxea.com\/eu\/ingurua\/aizkomendi-trikuharria\/\" itemprop=\"url\"><span itemprop=\"name\">Aizkomendi Trikuharria<\/span><\/a><\/li>\n<li id=\"menu-item-1159\" class=\"et_pb_menu_page_id-1153 menu-item menu-item-type-post_type menu-item-object-page menu-item-1159\"><a href=\"https:\/\/zadorraetxea.com\/eu\/ingurua\/garaio-parke-probintziala\/\" itemprop=\"url\"><span itemprop=\"name\">Garaio Parke Probintziala<\/span><\/a><\/li>\n<li id=\"menu-item-1165\" class=\"et_pb_menu_page_id-1160 menu-item menu-item-type-post_type menu-item-object-page menu-item-1165\"><a href=\"https:\/\/zadorraetxea.com\/eu\/ingurua\/mendixur-ornitologia-parkea\/\" itemprop=\"url\"><span itemprop=\"name\">Mendixur Ornitologia Parkea<\/span><\/a><\/li>\n<li id=\"menu-item-1172\" class=\"et_pb_menu_page_id-1167 menu-item menu-item-type-post_type menu-item-object-page menu-item-1172\"><a href=\"https:\/\/zadorraetxea.com\/eu\/ingurua\/sorginetxe-trikuharria\/\" itemprop=\"url\"><span itemprop=\"name\">Sorginetxe trikuharria<\/span><\/a><\/li>\n<li id=\"menu-item-1181\" class=\"et_pb_menu_page_id-1175 menu-item menu-item-type-post_type menu-item-object-page menu-item-1181\"><a href=\"https:\/\/zadorraetxea.com\/eu\/ingurua\/entzia-mendilerroa-partzuergoa\/\" itemprop=\"url\"><span itemprop=\"name\">Entzia Mendilerroa. Partzuergoa<\/span><\/a><\/li>\n<li id=\"menu-item-1190\" class=\"et_pb_menu_page_id-1185 menu-item menu-item-type-post_type menu-item-object-page menu-item-1190\"><a href=\"https:\/\/zadorraetxea.com\/eu\/ingurua\/basoko-erraldoiak-ehun-eta-milaka-urteko-zuhaitzak\/\" itemprop=\"url\"><span itemprop=\"name\">Basoko Erraldoiak. Ehun eta milaka urteko zuhaitzak.<\/span><\/a><\/li>\n<li id=\"menu-item-1195\" class=\"et_pb_menu_page_id-1192 menu-item menu-item-type-post_type menu-item-object-page menu-item-1195\"><a href=\"https:\/\/zadorraetxea.com\/eu\/ingurua\/leze-kobazuloa\/\" itemprop=\"url\"><span itemprop=\"name\">Leze Kobazuloa<\/span><\/a><\/li>\n<li id=\"menu-item-1202\" class=\"et_pb_menu_page_id-1197 menu-item menu-item-type-post_type menu-item-object-page menu-item-1202\"><a href=\"https:\/\/zadorraetxea.com\/eu\/ingurua\/legaireko-monumentu-megalikoak\/\" itemprop=\"url\"><span itemprop=\"name\">Legaireko Monumentu Megalikoak<\/span><\/a><\/li>\n<\/ul><\/nav>\n\t\t\t\t<\/div>\n\t\t\t<\/div>AITZKOMENDI Trikuharria Udalerria EGILAZ (Donemiliaga) ARABA. N-1 errepide zaharraren ondoan kokatuta. | Zadorra etxetik 8 kilometrora. Nola iritsi Aguraindik Hartu A-2128 errepidea, Opakuako porturantz. N-1 autobidea gurutzatu eta gero, hartu ezkerretara A-3138, autobide ondoan dagoen errepidea. 5 km-tara, ezke- rretara badago bidegurutze bat Egirazerantz. Herrira iristean [&hellip;]<\/p>\n","protected":false},"author":1,"featured_media":0,"parent":931,"menu_order":0,"comment_status":"closed","ping_status":"closed","template":"","meta":{"_et_pb_use_builder":"on","_et_pb_old_content":"","_et_gb_content_width":"","_monsterinsights_skip_tracking":false,"_monsterinsights_sitenote_active":false,"_monsterinsights_sitenote_note":"","_monsterinsights_sitenote_category":0,"footnotes":""},"class_list":["post-1143","page","type-page","status-publish","hentry"],"_links":{"self":[{"href":"https:\/\/zadorraetxea.com\/eu\/wp-json\/wp\/v2\/pages\/1143","targetHints":{"allow":["GET"]}}],"collection":[{"href":"https:\/\/zadorraetxea.com\/eu\/wp-json\/wp\/v2\/pages"}],"about":[{"href":"https:\/\/zadorraetxea.com\/eu\/wp-json\/wp\/v2\/types\/page"}],"author":[{"embeddable":true,"href":"https:\/\/zadorraetxea.com\/eu\/wp-json\/wp\/v2\/users\/1"}],"replies":[{"embeddable":true,"href":"https:\/\/zadorraetxea.com\/eu\/wp-json\/wp\/v2\/comments?post=1143"}],"version-history":[{"count":0,"href":"https:\/\/zadorraetxea.com\/eu\/wp-json\/wp\/v2\/pages\/1143\/revisions"}],"up":[{"embeddable":true,"href":"https:\/\/zadorraetxea.com\/eu\/wp-json\/wp\/v2\/pages\/931"}],"wp:attachment":[{"href":"https:\/\/zadorraetxea.com\/eu\/wp-json\/wp\/v2\/media?parent=1143"}],"curies":[{"name":"wp","href":"https:\/\/api.w.org\/{rel}","templated":true}]}}